{"id":1183,"date":"2022-03-07T15:08:29","date_gmt":"2022-03-07T18:08:29","guid":{"rendered":"https:\/\/easytake.com.br\/petshop\/?post_type=product&#038;p=1183"},"modified":"2022-03-07T15:09:18","modified_gmt":"2022-03-07T18:09:18","slug":"racao-magnus-todo-dia-sabor-carne-para-caes-adultos","status":"publish","type":"product","link":"https:\/\/marcelodonato.com.br\/petshop\/produto\/racao-magnus-todo-dia-sabor-carne-para-caes-adultos\/","title":{"rendered":"Ra\u00e7\u00e3o Magnus Todo Dia Sabor Carne para C\u00e3es Adultos"},"content":{"rendered":"<p>Ao trocar o alimento de seu pet, fa\u00e7a-o atrav\u00e9s de um per\u00edodo de transi\u00e7\u00e3o de aproximadamente 10 dias. A troca pode ser oferecida gradativamente da seguinte maneira:<\/p>\n<p>Do 1\u00ba ao 3\u00ba dia, ofere\u00e7a 25% da nova ra\u00e7\u00e3o com 75% do alimento habitual de seu pet.<br \/>\nDo 4\u00ba ao 6\u00ba dia, misture 50% da nova ra\u00e7\u00e3o e 50% do alimento habitual.<br \/>\nDo 7\u00ba ao 9\u00ba dia, aumente para 75% da ova ra\u00e7\u00e3o a 25% do alimento habitual.<br \/>\nNo 10\u00ba dia deve ser oferecido 100% do alimento novo escolhido.<\/p>\n<p>\u00c9 importante entender que se essa transi\u00e7\u00e3o de alimento for r\u00e1pida demais, seu pet pode sofrer problemas digestivos, como diarreia e v\u00f4mito.<br \/>\nNunca alimente seu animalzinho, al\u00e9m do necess\u00e1rio e mantenha \u00e1gua fresca e limpa dispon\u00edvel todo o tempo.<\/p>\n","protected":false},"excerpt":{"rendered":"<div class=\"product-resume\">&#8211; Cont\u00e9m sel\u00eanio org\u00e2nico e antioxidantes que combatem os radicais livres;<br \/>\n&#8211; Indicado para cachorros acima de 12 meses;<br \/>\n&#8211; Promove a manuten\u00e7\u00e3o ideal para esta fase;<br \/>\n&#8211; \u00d4megas 3 e 6 , biotina e zinco org\u00e2nico.<\/div>\n","protected":false},"featured_media":1184,"comment_status":"open","ping_status":"closed","template":"","meta":{"_joinchat":[]},"product_cat":[26],"product_tag":[],"class_list":{"0":"post-1183","1":"product","2":"type-product","3":"status-publish","4":"has-post-thumbnail","6":"product_cat-pet","8":"first","9":"instock","10":"shipping-taxable","11":"purchasable","12":"product-type-simple"},"_links":{"self":[{"href":"https:\/\/marcelodonato.com.br\/petshop\/wp-json\/wp\/v2\/product\/1183","targetHints":{"allow":["GET"]}}],"collection":[{"href":"https:\/\/marcelodonato.com.br\/petshop\/wp-json\/wp\/v2\/product"}],"about":[{"href":"https:\/\/marcelodonato.com.br\/petshop\/wp-json\/wp\/v2\/types\/product"}],"replies":[{"embeddable":true,"href":"https:\/\/marcelodonato.com.br\/petshop\/wp-json\/wp\/v2\/comments?post=1183"}],"wp:featuredmedia":[{"embeddable":true,"href":"https:\/\/marcelodonato.com.br\/petshop\/wp-json\/wp\/v2\/media\/1184"}],"wp:attachment":[{"href":"https:\/\/marcelodonato.com.br\/petshop\/wp-json\/wp\/v2\/media?parent=1183"}],"wp:term":[{"taxonomy":"product_cat","embeddable":true,"href":"https:\/\/marcelodonato.com.br\/petshop\/wp-json\/wp\/v2\/product_cat?post=1183"},{"taxonomy":"product_tag","embeddable":true,"href":"https:\/\/marcelodonato.com.br\/petshop\/wp-json\/wp\/v2\/product_tag?post=1183"}],"curies":[{"name":"wp","href":"https:\/\/api.w.org\/{rel}","templated":true}]}}