{"id":1176,"date":"2022-03-07T15:05:20","date_gmt":"2022-03-07T18:05:20","guid":{"rendered":"https:\/\/easytake.com.br\/petshop\/?post_type=product&#038;p=1176"},"modified":"2022-03-07T15:05:20","modified_gmt":"2022-03-07T18:05:20","slug":"tapete-higienico-sao-francisco-clean-pads-super-premium","status":"publish","type":"product","link":"https:\/\/marcelodonato.com.br\/petshop\/produto\/tapete-higienico-sao-francisco-clean-pads-super-premium\/","title":{"rendered":"Tapete Higi\u00eanico S\u00e3o Francisco Clean Pads Super Premium"},"content":{"rendered":"<p>&#8211; Mant\u00e9m as patinhas do seu pet sempre secas;<br \/>\n&#8211; Tapete higi\u00eanico para c\u00e3es de pequeno porte;<br \/>\n&#8211; Resistente a vazamentos;<br \/>\n&#8211; Capacidade de absor\u00e7\u00e3o \u00e9 de 3 litros e 200 ml ;<br \/>\n&#8211; Fitas Adesivas;<\/p>\n","protected":false},"excerpt":{"rendered":"<p>O\u00a0<strong>Tapete Higi\u00eanico\u00a0<a href=\"https:\/\/www.petlove.com.br\/sao-francisco\">S\u00e3o Francisco<\/a>\u00a0Clean Pads Super Premium<\/strong>\u00a0\u00e9 para o seu pet que merece toda a aten\u00e7\u00e3o, carinho e produtos de qualidade! Para cuidar bem do seu bichinho sem esquecer o meio ambiente. A S\u00e3o Francisco desenvolveu o tapete para cachorrinhos de pequeno porte, podendo ser utilizado at\u00e9 9 vezes. \u00c9 s\u00f3 voc\u00ea estender o tapete no local destinado para as necessidades de seu amiguinho.<\/p>\n<p>Observe onde seu cachorro faz as necessidades dele e coloque o tapete pr\u00f3ximo, troque o lugar caso voc\u00ea n\u00e3o queira que ele continue a utilizar o local em quest\u00e3o, e lembre-se que a troca de lugar pode levar um tempo para que seu Pet se acostume.<br \/>\nOs tapetes higi\u00eanicos s\u00e3o uma pratica solu\u00e7\u00e3o para o adestramento dos cachorros em apartamento, ou que vivem dentro de casa ou para \u00e9pocas chuvosas.<\/p>\n","protected":false},"featured_media":1177,"comment_status":"open","ping_status":"closed","template":"","meta":{"_joinchat":[]},"product_cat":[26],"product_tag":[],"class_list":{"0":"post-1176","1":"product","2":"type-product","3":"status-publish","4":"has-post-thumbnail","6":"product_cat-pet","8":"first","9":"instock","10":"shipping-taxable","11":"purchasable","12":"product-type-simple"},"_links":{"self":[{"href":"https:\/\/marcelodonato.com.br\/petshop\/wp-json\/wp\/v2\/product\/1176","targetHints":{"allow":["GET"]}}],"collection":[{"href":"https:\/\/marcelodonato.com.br\/petshop\/wp-json\/wp\/v2\/product"}],"about":[{"href":"https:\/\/marcelodonato.com.br\/petshop\/wp-json\/wp\/v2\/types\/product"}],"replies":[{"embeddable":true,"href":"https:\/\/marcelodonato.com.br\/petshop\/wp-json\/wp\/v2\/comments?post=1176"}],"wp:featuredmedia":[{"embeddable":true,"href":"https:\/\/marcelodonato.com.br\/petshop\/wp-json\/wp\/v2\/media\/1177"}],"wp:attachment":[{"href":"https:\/\/marcelodonato.com.br\/petshop\/wp-json\/wp\/v2\/media?parent=1176"}],"wp:term":[{"taxonomy":"product_cat","embeddable":true,"href":"https:\/\/marcelodonato.com.br\/petshop\/wp-json\/wp\/v2\/product_cat?post=1176"},{"taxonomy":"product_tag","embeddable":true,"href":"https:\/\/marcelodonato.com.br\/petshop\/wp-json\/wp\/v2\/product_tag?post=1176"}],"curies":[{"name":"wp","href":"https:\/\/api.w.org\/{rel}","templated":true}]}}